{"id":6,"date":"2026-02-06T14:57:21","date_gmt":"2026-02-06T13:57:21","guid":{"rendered":"http:\/\/toulouse.noemiecaritey.fr\/?page_id=6"},"modified":"2026-02-06T14:57:21","modified_gmt":"2026-02-06T13:57:21","slug":"o-toouuuuloouuuse","status":"publish","type":"page","link":"https:\/\/toulouse.noemiecaritey.fr\/index.php\/o-toouuuuloouuuse\/","title":{"rendered":"\u00d4 Toouuuuloouuuse"},"content":{"rendered":"\n<p>\u00ab\u00a0\u00d4 mon pays \u00d4 Toulouse \u00d4 Toulouse\u00a0\u00bb, Claude Nougaro<\/p>\n\n\n\n<p><\/p>\n","protected":false},"excerpt":{"rendered":"<p>\u00ab\u00a0\u00d4 mon pays \u00d4 Toulouse \u00d4 Toulouse\u00a0\u00bb, Claude Nougaro<\/p>\n","protected":false},"author":1,"featured_media":0,"parent":0,"menu_order":0,"comment_status":"closed","ping_status":"closed","template":"","meta":{"footnotes":""},"class_list":["post-6","page","type-page","status-publish","hentry"],"blocksy_meta":[],"_links":{"self":[{"href":"https:\/\/toulouse.noemiecaritey.fr\/index.php\/wp-json\/wp\/v2\/pages\/6","targetHints":{"allow":["GET"]}}],"collection":[{"href":"https:\/\/toulouse.noemiecaritey.fr\/index.php\/wp-json\/wp\/v2\/pages"}],"about":[{"href":"https:\/\/toulouse.noemiecaritey.fr\/index.php\/wp-json\/wp\/v2\/types\/page"}],"author":[{"embeddable":true,"href":"https:\/\/toulouse.noemiecaritey.fr\/index.php\/wp-json\/wp\/v2\/users\/1"}],"replies":[{"embeddable":true,"href":"https:\/\/toulouse.noemiecaritey.fr\/index.php\/wp-json\/wp\/v2\/comments?post=6"}],"version-history":[{"count":1,"href":"https:\/\/toulouse.noemiecaritey.fr\/index.php\/wp-json\/wp\/v2\/pages\/6\/revisions"}],"predecessor-version":[{"id":8,"href":"https:\/\/toulouse.noemiecaritey.fr\/index.php\/wp-json\/wp\/v2\/pages\/6\/revisions\/8"}],"wp:attachment":[{"href":"https:\/\/toulouse.noemiecaritey.fr\/index.php\/wp-json\/wp\/v2\/media?parent=6"}],"curies":[{"name":"wp","href":"https:\/\/api.w.org\/{rel}","templated":true}]}}